{"id":344,"date":"2022-10-16T15:43:59","date_gmt":"2022-10-16T15:43:59","guid":{"rendered":"https:\/\/interautonomy.org\/?page_id=344"},"modified":"2022-12-17T20:53:14","modified_gmt":"2022-12-17T20:53:14","slug":"what-is-self-sustainability","status":"publish","type":"page","link":"https:\/\/interautonomy.org\/es\/what-is-self-sustainability\/","title":{"rendered":"\u00bfQu\u00e9 es la auto-sustentabilidad?"},"content":{"rendered":"<div data-elementor-type=\"wp-page\" data-elementor-id=\"344\" class=\"elementor elementor-344\" data-elementor-post-type=\"page\">\n\t\t\t\t\t\t<section class=\"elementor-section elementor-top-section elementor-element elementor-element-c542a8e elementor-section-boxed elementor-section-height-default elementor-section-height-default\" data-id=\"c542a8e\" data-element_type=\"section\" data-e-type=\"section\" data-settings=\"{&quot;jet_parallax_layout_list&quot;:[]}\">\n\t\t\t\t\t\t<div class=\"elementor-container elementor-column-gap-default\">\n\t\t\t\t\t<div class=\"elementor-column elementor-col-50 elementor-top-column elementor-element elementor-element-66586ad\" data-id=\"66586ad\" data-element_type=\"column\" data-e-type=\"column\" data-settings=\"{&quot;background_background&quot;:&quot;classic&quot;}\">\n\t\t\t<div class=\"elementor-widget-wrap elementor-element-populated\">\n\t\t\t\t\t\t<div class=\"elementor-element elementor-element-9e4c775 elementor-widget elementor-widget-heading\" data-id=\"9e4c775\" data-element_type=\"widget\" data-e-type=\"widget\" data-widget_type=\"heading.default\">\n\t\t\t\t<div class=\"elementor-widget-container\">\n\t\t\t\t\t<h1 class=\"elementor-heading-title elementor-size-default\">\u00bfQu\u00e9 es la auto-sustentabilidad y por qu\u00e9 es tan importante?<\/h1>\t\t\t\t<\/div>\n\t\t\t\t<\/div>\n\t\t\t\t<div class=\"elementor-element elementor-element-7769052 elementor-widget elementor-widget-text-editor\" data-id=\"7769052\" data-element_type=\"widget\" data-e-type=\"widget\" data-widget_type=\"text-editor.default\">\n\t\t\t\t<div class=\"elementor-widget-container\">\n\t\t\t\t\t\t\t\t\t<p><\/p>\n<p class=\"translation-block\">Como t\u00fa, millones de individuos, empresas sociales, organizaciones y gobiernos alrededor del mundo est\u00e1n <strong>inventando y trabajando en iniciativas o proyectos<\/strong> para <strong>mejorar la calidad de vida <\/strong>de las personas y construir <strong>un desarrollo m\u00e1s sustentable<\/strong>.<\/p>\t\t\t\t\t\t\t\t<\/div>\n\t\t\t\t<\/div>\n\t\t\t\t\t<\/div>\n\t\t<\/div>\n\t\t\t\t<div class=\"elementor-column elementor-col-50 elementor-top-column elementor-element elementor-element-007586b\" data-id=\"007586b\" data-element_type=\"column\" data-e-type=\"column\">\n\t\t\t<div class=\"elementor-widget-wrap elementor-element-populated\">\n\t\t\t\t\t\t<div class=\"elementor-element elementor-element-933be5e elementor-widget elementor-widget-spacer\" data-id=\"933be5e\" data-element_type=\"widget\" data-e-type=\"widget\" data-widget_type=\"spacer.default\">\n\t\t\t\t<div class=\"elementor-widget-container\">\n\t\t\t\t\t\t\t<div class=\"elementor-spacer\">\n\t\t\t<div class=\"elementor-spacer-inner\"><\/div>\n\t\t<\/div>\n\t\t\t\t\t\t<\/div>\n\t\t\t\t<\/div>\n\t\t\t\t\t<\/div>\n\t\t<\/div>\n\t\t\t\t\t<\/div>\n\t\t<\/section>\n\t\t\t\t<section class=\"elementor-section elementor-top-section elementor-element elementor-element-fb2a5d4 elementor-section-boxed elementor-section-height-default elementor-section-height-default\" data-id=\"fb2a5d4\" data-element_type=\"section\" data-e-type=\"section\" data-settings=\"{&quot;jet_parallax_layout_list&quot;:[]}\">\n\t\t\t\t\t\t<div class=\"elementor-container elementor-column-gap-default\">\n\t\t\t\t\t<div class=\"elementor-column elementor-col-50 elementor-top-column elementor-element elementor-element-10def0b\" data-id=\"10def0b\" data-element_type=\"column\" data-e-type=\"column\" data-settings=\"{&quot;background_background&quot;:&quot;classic&quot;}\">\n\t\t\t<div class=\"elementor-widget-wrap elementor-element-populated\">\n\t\t\t\t\t\t<div class=\"elementor-element elementor-element-507fa97 elementor-widget elementor-widget-heading\" data-id=\"507fa97\" data-element_type=\"widget\" data-e-type=\"widget\" data-widget_type=\"heading.default\">\n\t\t\t\t<div class=\"elementor-widget-container\">\n\t\t\t\t\t<h3 class=\"elementor-heading-title elementor-size-default\">\u00bfC\u00f3mo que m\u00e1s sustentables?\n<\/h3>\t\t\t\t<\/div>\n\t\t\t\t<\/div>\n\t\t\t\t<div class=\"elementor-element elementor-element-43f5a80 elementor-widget elementor-widget-text-editor\" data-id=\"43f5a80\" data-element_type=\"widget\" data-e-type=\"widget\" data-widget_type=\"text-editor.default\">\n\t\t\t\t<div class=\"elementor-widget-container\">\n\t\t\t\t\t\t\t\t\t<p>\u00a0<\/p><ul class=\"ul1\"><li class=\"li1 translation-block\">Un desarrollo m\u00e1s <strong>integral<\/strong>: que, adem\u00e1s de dinero, garantice acceso a una buena educaci\u00f3n, a condiciones laborales justas, a mejores servicios de salud y a una distribuci\u00f3n equitativa y a largo plazo de los recursos naturales.<\/li><\/ul><ul class=\"ul1\"><li class=\"li1 translation-block\">Un desarrollo m\u00e1s <strong>relevante para todos<\/strong>: no s\u00f3lo para unos cuantos y no s\u00f3lo para nuestra generaci\u00f3n, sino tambi\u00e9n para las que vienen. Que responda a las necesidades del mundo pero tambi\u00e9n a las de sus distintas comunidades; a todos los sectores, a todas las etnias, a todos los g\u00e9neros; a sus diferentes aspiraciones, intereses, prioridades, necesidades y formas de resolver los problemas.<\/li><\/ul><ul class=\"ul1\"><li class=\"li1 translation-block\">Un desarrollo con <strong>participaci\u00f3n <\/strong>m\u00e1s<strong> equitativa<\/strong>: es decir,\u00a0 que permita que todos tengamos el mismo derecho y responsabilidad para decidir y negociar el tipo de desarrollo que queremos y las mejores formas de lograrlo.<\/li><\/ul>\t\t\t\t\t\t\t\t<\/div>\n\t\t\t\t<\/div>\n\t\t\t\t\t<\/div>\n\t\t<\/div>\n\t\t\t\t<div class=\"elementor-column elementor-col-50 elementor-top-column elementor-element elementor-element-3259344\" data-id=\"3259344\" data-element_type=\"column\" data-e-type=\"column\">\n\t\t\t<div class=\"elementor-widget-wrap elementor-element-populated\">\n\t\t\t\t\t\t<div class=\"elementor-element elementor-element-7df72ac elementor-widget elementor-widget-jet-slider\" data-id=\"7df72ac\" data-element_type=\"widget\" data-e-type=\"widget\" data-settings=\"{&quot;slider_height&quot;:{&quot;unit&quot;:&quot;px&quot;,&quot;size&quot;:400,&quot;sizes&quot;:[]},&quot;slider_height_tablet&quot;:{&quot;unit&quot;:&quot;px&quot;,&quot;size&quot;:&quot;&quot;,&quot;sizes&quot;:[]},&quot;slider_height_mobile&quot;:{&quot;unit&quot;:&quot;px&quot;,&quot;size&quot;:&quot;&quot;,&quot;sizes&quot;:[]}}\" data-widget_type=\"jet-slider.default\">\n\t\t\t\t<div class=\"elementor-widget-container\">\n\t\t\t\t\t<div class=\"elementor-jet-slider jet-elements\">\n<div class=\"jet-slider jet-slider__image-exact\" data-settings='{&quot;sliderWidth&quot;:1,&quot;sliderHeight&quot;:1,&quot;sliderNavigation&quot;:false,&quot;sliderNavigationIcon&quot;:&quot;jet-slider__arrow-icon-7df72ac&quot;,&quot;sliderNaviOnHover&quot;:false,&quot;sliderPagination&quot;:true,&quot;sliderAutoplay&quot;:true,&quot;sliderAutoplayDelay&quot;:5000,&quot;sliderAutoplayOnHover&quot;:&quot;pause&quot;,&quot;sliderFullScreen&quot;:true,&quot;sliderFullscreenIcon&quot;:&quot;jet-slider__fullscreen-icon-7df72ac&quot;,&quot;sliderShuffle&quot;:false,&quot;sliderLoop&quot;:true,&quot;sliderFadeMode&quot;:false,&quot;slideDistance&quot;:1,&quot;slideDuration&quot;:500,&quot;imageScaleMode&quot;:&quot;exact&quot;,&quot;thumbnails&quot;:false,&quot;thumbnailWidth&quot;:120,&quot;thumbnailHeight&quot;:80,&quot;rightToLeft&quot;:false,&quot;touchswipe&quot;:true,&quot;fractionPag&quot;:false,&quot;fractionPrefix&quot;:&quot;&quot;,&quot;fractionSeparator&quot;:&quot;\\\/&quot;,&quot;fractionSuffix&quot;:&quot;&quot;,&quot;autoSliderHeight&quot;:false}'>\n\t\n<div  class=\"slider-pro\">\n\t<div class=\"jet-slider__arrow-icon-7df72ac hidden-html\"><\/div><div class=\"jet-slider__fullscreen-icon-7df72ac hidden-html\"><i aria-hidden=\"true\" class=\"fas fa-arrows-alt\"><\/i><\/div>\t<div class=\"jet-slider__items sp-slides\">\n\n\n<div  class=\"jet-slider__item sp-slide elementor-repeater-item-78947f0\"><img decoding=\"async\" class=\"sp-image\" src=\"https:\/\/interautonomy.org\/wp-content\/uploads\/2022\/11\/1.-Barefoot-College-Case-Photo-3-768x768.jpg\" alt=\"1. Barefoot College Case Photo\" loading=\"lazy\"><div class=\"jet-slider__content sp-layer\" data-position=\"centerCenter\" data-width=\"100%\" data-height=\"100%\" data-horizontal=\"0%\" data-show-transition=\"up\" data-show-duration=\"400\" data-show-delay=\"400\" >\n\t\t<div class=\"jet-slider__content-item\">\n\t\t\t<div class=\"jet-slider__content-inner\"> \n\n\t\t\t\t\t\t<div class=\"jet-slider__button-wrapper\">\t\t\t\t\t\t<\/div><\/div>\n\t\t<\/div>\n\t\t\t<\/div>\n<\/div>\n\n<\/div>\n<\/div>\n<\/div>\n<\/div>\t\t\t\t<\/div>\n\t\t\t\t<\/div>\n\t\t\t\t<div class=\"elementor-element elementor-element-353e088 elementor-widget elementor-widget-spacer\" data-id=\"353e088\" data-element_type=\"widget\" data-e-type=\"widget\" data-widget_type=\"spacer.default\">\n\t\t\t\t<div class=\"elementor-widget-container\">\n\t\t\t\t\t\t\t<div class=\"elementor-spacer\">\n\t\t\t<div class=\"elementor-spacer-inner\"><\/div>\n\t\t<\/div>\n\t\t\t\t\t\t<\/div>\n\t\t\t\t<\/div>\n\t\t\t\t<div class=\"elementor-element elementor-element-2f9d216 elementor-widget elementor-widget-text-editor\" data-id=\"2f9d216\" data-element_type=\"widget\" data-e-type=\"widget\" data-widget_type=\"text-editor.default\">\n\t\t\t\t<div class=\"elementor-widget-container\">\n\t\t\t\t\t\t\t\t\t<p>\u00a0<\/p><p class=\"p1 translation-block\">En t\u00e9rminos generales, la <strong>sustentabilidad<\/strong> depende de qu\u00e9 tanto los modelos de desarrollo de las diferentes iniciativas o proyectos logren cumplir con estas tres <strong>pautas o caracter\u00edsticas<\/strong><strong>,<\/strong> porque <strong>su cumplimiento implica<\/strong> un balance entre lo social, lo ambiental, lo econ\u00f3mico y lo cultural. Implica reconocer que, para lograr este balance, como comunidad global se debe atender a las necesidades y condiciones espec\u00edficas de cada contexto, que obviamente son diferentes entre s\u00ed. Y, por lo mismo, implica que en el proceso de desarrollo global <strong>todos \u2013ya sea como individuos, o bien, como individuos organizados con iniciativas o proyectos\u2013 podamos tener un qu\u00e9 decir<\/strong>.<\/p>\t\t\t\t\t\t\t\t<\/div>\n\t\t\t\t<\/div>\n\t\t\t\t\t<\/div>\n\t\t<\/div>\n\t\t\t\t\t<\/div>\n\t\t<\/section>\n\t\t\t\t<section class=\"elementor-section elementor-top-section elementor-element elementor-element-35234f7 elementor-section-boxed elementor-section-height-default elementor-section-height-default\" data-id=\"35234f7\" data-element_type=\"section\" data-e-type=\"section\" data-settings=\"{&quot;jet_parallax_layout_list&quot;:[]}\">\n\t\t\t\t\t\t<div class=\"elementor-container elementor-column-gap-default\">\n\t\t\t\t\t<div class=\"elementor-column elementor-col-100 elementor-top-column elementor-element elementor-element-24d1fd0\" data-id=\"24d1fd0\" data-element_type=\"column\" data-e-type=\"column\">\n\t\t\t<div class=\"elementor-widget-wrap elementor-element-populated\">\n\t\t\t\t\t\t<div class=\"elementor-element elementor-element-dd03b85 elementor-widget-divider--view-line elementor-widget elementor-widget-divider\" data-id=\"dd03b85\" data-element_type=\"widget\" data-e-type=\"widget\" data-widget_type=\"divider.default\">\n\t\t\t\t<div class=\"elementor-widget-container\">\n\t\t\t\t\t\t\t<div class=\"elementor-divider\">\n\t\t\t<span class=\"elementor-divider-separator\">\n\t\t\t\t\t\t<\/span>\n\t\t<\/div>\n\t\t\t\t\t\t<\/div>\n\t\t\t\t<\/div>\n\t\t\t\t\t<\/div>\n\t\t<\/div>\n\t\t\t\t\t<\/div>\n\t\t<\/section>\n\t\t\t\t<section class=\"elementor-section elementor-top-section elementor-element elementor-element-94cb167 elementor-section-boxed elementor-section-height-default elementor-section-height-default\" data-id=\"94cb167\" data-element_type=\"section\" data-e-type=\"section\" data-settings=\"{&quot;jet_parallax_layout_list&quot;:[]}\">\n\t\t\t\t\t\t<div class=\"elementor-container elementor-column-gap-default\">\n\t\t\t\t\t<div class=\"elementor-column elementor-col-100 elementor-top-column elementor-element elementor-element-af6e34d\" data-id=\"af6e34d\" data-element_type=\"column\" data-e-type=\"column\" data-settings=\"{&quot;background_background&quot;:&quot;classic&quot;}\">\n\t\t\t<div class=\"elementor-widget-wrap elementor-element-populated\">\n\t\t\t\t\t\t<div class=\"elementor-element elementor-element-92d4815 elementor-widget elementor-widget-heading\" data-id=\"92d4815\" data-element_type=\"widget\" data-e-type=\"widget\" data-widget_type=\"heading.default\">\n\t\t\t\t<div class=\"elementor-widget-container\">\n\t\t\t\t\t<h3 class=\"elementor-heading-title elementor-size-default\">\u00bfY cu\u00e1l es el problema?\n<\/h3>\t\t\t\t<\/div>\n\t\t\t\t<\/div>\n\t\t\t\t<div class=\"elementor-element elementor-element-1db4d24 elementor-widget elementor-widget-text-editor\" data-id=\"1db4d24\" data-element_type=\"widget\" data-e-type=\"widget\" data-widget_type=\"text-editor.default\">\n\t\t\t\t<div class=\"elementor-widget-container\">\n\t\t\t\t\t\t\t\t\t<p>\u00a0<\/p><p class=\"p1 translation-block\">El problema es que lograr esta <strong>participaci\u00f3n equitativa<\/strong> es un reto enorme, porque <strong>la distribuci\u00f3n de los recursos pol\u00edticos, financieros y de conocimiento es muy desigual<\/strong>.<\/p><p class=\"p1\"><b><span class=\"Apple-converted-space\">\u00a0<\/span><\/b><\/p><p class=\"p1 translation-block\">Las iniciativas de desarrollo suelen depender de <strong>financiamientos<\/strong> externos, que adem\u00e1s de ser <strong>pocos<\/strong>, frecuentemente vienen <strong>acompa\u00f1ados de condiciones<\/strong> que limitan su capacidad para adaptar los proyectos a sus circunstancias espec\u00edficas. A veces son t\u00e9rminos de referencia preestablecidos, o presupuestos que favorecen a determinadas \u00e1reas del desarrollo pero descuidan otras, etc.<\/p><p class=\"p1 translation-block\">Adem\u00e1s, com\u00fanmente las iniciativas se tienen que <strong>adaptar a regulaciones o pol\u00edticas externas <\/strong>que, aunque a veces comparten objetivos, <strong>no siempre son pertinentes<\/strong> a su situaci\u00f3n particular.<\/p><p class=\"p1 translation-block\">En otras palabras, no todas las iniciativas y proyectos de desarrollo tienen la misma <strong>capacidad para decidir o negociar <\/strong>c\u00f3mo responder a los problemas seg\u00fan las caracter\u00edsticas y necesidades espec\u00edficas de sus contextos<strong>. La<\/strong> <strong>participaci\u00f3n no est\u00e1 siendo realmente equitativa<\/strong> y, por lo tanto, el desarrollo global tampoco est\u00e1 logrando ser <strong>integral<\/strong> y <strong>relevante para todos.<\/strong><\/p><p class=\"p1\">\u00a0<\/p>\t\t\t\t\t\t\t\t<\/div>\n\t\t\t\t<\/div>\n\t\t\t\t<div class=\"elementor-element elementor-element-a8feadc elementor-widget elementor-widget-heading\" data-id=\"a8feadc\" data-element_type=\"widget\" data-e-type=\"widget\" data-widget_type=\"heading.default\">\n\t\t\t\t<div class=\"elementor-widget-container\">\n\t\t\t\t\t<h3 class=\"elementor-heading-title elementor-size-default\">Por qu\u00e9 es importante aumentar la auto-sustentabilidad de nuestros proyectos?\n<\/h3>\t\t\t\t<\/div>\n\t\t\t\t<\/div>\n\t\t\t\t<div class=\"elementor-element elementor-element-7e0fa2b elementor-widget elementor-widget-text-editor\" data-id=\"7e0fa2b\" data-element_type=\"widget\" data-e-type=\"widget\" data-widget_type=\"text-editor.default\">\n\t\t\t\t<div class=\"elementor-widget-container\">\n\t\t\t\t\t\t\t\t\t<p>\u00a0<\/p><p class=\"p1 translation-block\">Por eso es muy importante que cada una de las iniciativas o proyectos de desarrollo<strong> fortalezca su capacidad de autosustentabilidad. <\/strong>Es decir: su capacidad para identificar los problemas que la afectan seg\u00fan su contexto espec\u00edfico, para decidir respecto a lo que le conviene y lo que no, y para negociar sus proyectos de desarrollo local en armon\u00eda con las necesidades de desarrollo sustentable de todo el mundo. <strong>Mayor<\/strong> <strong>autosustentabilidad<\/strong> es mayor autonom\u00eda, menos dependencia y, por ende, negociaciones m\u00e1s equitativas que permiten dise\u00f1ar y construir <strong>modelos de desarrollo m\u00e1s sustentables<\/strong>.<\/p><p class=\"p2\"><span class=\"Apple-converted-space\">\u00a0<\/span><\/p><p class=\"p1 translation-block\"><strong>Fortalecer la autosustentabilidad<\/strong> en las distintas iniciativas de desarrollo es una cuesti\u00f3n <strong>pr\u00e1ctica, <\/strong>porque el democratizar el poder y ampliar y fortalecer la participaci\u00f3n ayuda a construir intervenciones m\u00e1s integrales, relevantes para todos y con una participaci\u00f3n m\u00e1s equitativa de los involucrados.<strong> Pero tambi\u00e9n es una cuesti\u00f3n de principios<\/strong>, pues <strong>todas<\/strong> las personas tienen derecho a ser tratadas con dignidad, a elegir la vida que quieren llevar, y a ser responsables de sus propias decisiones.<\/p>\t\t\t\t\t\t\t\t<\/div>\n\t\t\t\t<\/div>\n\t\t\t\t\t<\/div>\n\t\t<\/div>\n\t\t\t\t\t<\/div>\n\t\t<\/section>\n\t\t\t\t<section class=\"elementor-section elementor-top-section elementor-element elementor-element-8f9f2f4 elementor-section-boxed elementor-section-height-default elementor-section-height-default\" data-id=\"8f9f2f4\" data-element_type=\"section\" data-e-type=\"section\" data-settings=\"{&quot;jet_parallax_layout_list&quot;:[]}\">\n\t\t\t\t\t\t<div class=\"elementor-container elementor-column-gap-default\">\n\t\t\t\t\t<div class=\"elementor-column elementor-col-100 elementor-top-column elementor-element elementor-element-25808da\" data-id=\"25808da\" data-element_type=\"column\" data-e-type=\"column\">\n\t\t\t<div class=\"elementor-widget-wrap elementor-element-populated\">\n\t\t\t\t\t\t<div class=\"elementor-element elementor-element-c8526ac elementor-widget-divider--view-line elementor-widget elementor-widget-divider\" data-id=\"c8526ac\" data-element_type=\"widget\" data-e-type=\"widget\" data-widget_type=\"divider.default\">\n\t\t\t\t<div class=\"elementor-widget-container\">\n\t\t\t\t\t\t\t<div class=\"elementor-divider\">\n\t\t\t<span class=\"elementor-divider-separator\">\n\t\t\t\t\t\t<\/span>\n\t\t<\/div>\n\t\t\t\t\t\t<\/div>\n\t\t\t\t<\/div>\n\t\t\t\t\t<\/div>\n\t\t<\/div>\n\t\t\t\t\t<\/div>\n\t\t<\/section>\n\t\t\t\t<section class=\"elementor-section elementor-top-section elementor-element elementor-element-dce371c elementor-section-boxed elementor-section-height-default elementor-section-height-default\" data-id=\"dce371c\" data-element_type=\"section\" data-e-type=\"section\" data-settings=\"{&quot;jet_parallax_layout_list&quot;:[]}\">\n\t\t\t\t\t\t<div class=\"elementor-container elementor-column-gap-default\">\n\t\t\t\t\t<div class=\"elementor-column elementor-col-50 elementor-top-column elementor-element elementor-element-6f77585\" data-id=\"6f77585\" data-element_type=\"column\" data-e-type=\"column\" data-settings=\"{&quot;background_background&quot;:&quot;classic&quot;}\">\n\t\t\t<div class=\"elementor-widget-wrap elementor-element-populated\">\n\t\t\t\t\t\t<div class=\"elementor-element elementor-element-a4cbc42 elementor-widget__width-auto elementor-widget elementor-widget-heading\" data-id=\"a4cbc42\" data-element_type=\"widget\" data-e-type=\"widget\" data-widget_type=\"heading.default\">\n\t\t\t\t<div class=\"elementor-widget-container\">\n\t\t\t\t\t<h3 class=\"elementor-heading-title elementor-size-default\">En este sitio exploramos<\/h3>\t\t\t\t<\/div>\n\t\t\t\t<\/div>\n\t\t\t\t<div class=\"elementor-element elementor-element-a876f7d elementor-widget__width-auto elementor-widget elementor-widget-heading\" data-id=\"a876f7d\" data-element_type=\"widget\" data-e-type=\"widget\" data-widget_type=\"heading.default\">\n\t\t\t\t<div class=\"elementor-widget-container\">\n\t\t\t\t\t<h3 class=\"elementor-heading-title elementor-size-default\">C\u00f3mo?<\/h3>\t\t\t\t<\/div>\n\t\t\t\t<\/div>\n\t\t\t\t<div class=\"elementor-element elementor-element-bf4d08e elementor-widget elementor-widget-text-editor\" data-id=\"bf4d08e\" data-element_type=\"widget\" data-e-type=\"widget\" data-widget_type=\"text-editor.default\">\n\t\t\t\t<div class=\"elementor-widget-container\">\n\t\t\t\t\t\t\t\t\t<p class=\"p1 translation-block\"><strong>El reto es encontrar c\u00f3mo construir esa autosustentabilidad.<\/strong> \u00a1Pero nosotros creemos que, de hecho, esa respuesta ya la est\u00e1n dando las iniciativas en sus pr\u00e1cticas! Personas y organizaciones, empresas y gobiernos en todo el mundo est\u00e1n inventando creativas y variadas soluciones para darle la vuelta al problema de la dependencia y lograr la sustentabilidad de sus iniciativas de desarrollo.<\/p><p>\u00a0<\/p><p class=\"p1\"><b><strong>Este sitio te comparte la experiencia de varias de estas iniciativas y proyectos de desarrollo que hemos explorado<\/strong> en diferentes pa\u00edses para entender c\u00f3mo lo est\u00e1n haciendo.<\/b><\/p>\t\t\t\t\t\t\t\t<\/div>\n\t\t\t\t<\/div>\n\t\t\t\t\t<\/div>\n\t\t<\/div>\n\t\t\t\t<div class=\"elementor-column elementor-col-50 elementor-top-column elementor-element elementor-element-fa6d2fc\" data-id=\"fa6d2fc\" data-element_type=\"column\" data-e-type=\"column\">\n\t\t\t<div class=\"elementor-widget-wrap elementor-element-populated\">\n\t\t\t\t\t\t<div class=\"elementor-element elementor-element-2bba9ed elementor-widget elementor-widget-spacer\" data-id=\"2bba9ed\" data-element_type=\"widget\" data-e-type=\"widget\" data-widget_type=\"spacer.default\">\n\t\t\t\t<div class=\"elementor-widget-container\">\n\t\t\t\t\t\t\t<div class=\"elementor-spacer\">\n\t\t\t<div class=\"elementor-spacer-inner\"><\/div>\n\t\t<\/div>\n\t\t\t\t\t\t<\/div>\n\t\t\t\t<\/div>\n\t\t\t\t<div class=\"elementor-element elementor-element-e732806 elementor-widget elementor-widget-text-editor\" data-id=\"e732806\" data-element_type=\"widget\" data-e-type=\"widget\" data-widget_type=\"text-editor.default\">\n\t\t\t\t<div class=\"elementor-widget-container\">\n\t\t\t\t\t\t\t\t\t<p>\u00a0<\/p><p class=\"p1 translation-block\">Algunas de las <strong>reflexiones y estrategias<\/strong> que encontrar\u00e1s tienen que ver con el prop\u00f3sito, el enfoque y los principios que gu\u00edan el dise\u00f1o de las iniciativas de desarrollo, sus din\u00e1micas de organizaci\u00f3n y la relaci\u00f3n con sus beneficiarios. Otras, con la b\u00fasqueda y manejo de sus recursos materiales, humanos y capacidades t\u00e9cnicas.<\/p><p class=\"p1\"><b><strong>\u00a1Explora estas estrategias y ve cu\u00e1les podr\u00edan ser \u00fatiles para tu propio proyecto!<\/strong><\/b><\/p>\t\t\t\t\t\t\t\t<\/div>\n\t\t\t\t<\/div>\n\t\t\t\t<div class=\"elementor-element elementor-element-fb8fc47 elementor-widget__width-auto elementor-widget elementor-widget-button\" data-id=\"fb8fc47\" data-element_type=\"widget\" data-e-type=\"widget\" data-widget_type=\"button.default\">\n\t\t\t\t<div class=\"elementor-widget-container\">\n\t\t\t\t\t\t\t\t\t<div class=\"elementor-button-wrapper\">\n\t\t\t\t\t<a class=\"elementor-button elementor-button-link elementor-size-sm\" href=\"https:\/\/interautonomy.org\/es\/projects\/\">\n\t\t\t\t\t\t<span class=\"elementor-button-content-wrapper\">\n\t\t\t\t\t\t<span class=\"elementor-button-icon\">\n\t\t\t\t<i aria-hidden=\"true\" class=\"far fa-arrow-alt-circle-right\"><\/i>\t\t\t<\/span>\n\t\t\t\t\t\t\t\t\t<span class=\"elementor-button-text\">Ir a Proyectos!<\/span>\n\t\t\t\t\t<\/span>\n\t\t\t\t\t<\/a>\n\t\t\t\t<\/div>\n\t\t\t\t\t\t\t\t<\/div>\n\t\t\t\t<\/div>\n\t\t\t\t<div class=\"elementor-element elementor-element-414f56a elementor-widget__width-auto elementor-widget elementor-widget-button\" data-id=\"414f56a\" data-element_type=\"widget\" data-e-type=\"widget\" data-widget_type=\"button.default\">\n\t\t\t\t<div class=\"elementor-widget-container\">\n\t\t\t\t\t\t\t\t\t<div class=\"elementor-button-wrapper\">\n\t\t\t\t\t<a class=\"elementor-button elementor-button-link elementor-size-sm\" href=\"https:\/\/interautonomy.org\/es\/strategies\/\">\n\t\t\t\t\t\t<span class=\"elementor-button-content-wrapper\">\n\t\t\t\t\t\t<span class=\"elementor-button-icon\">\n\t\t\t\t<i aria-hidden=\"true\" class=\"far fa-arrow-alt-circle-right\"><\/i>\t\t\t<\/span>\n\t\t\t\t\t\t\t\t\t<span class=\"elementor-button-text\">Ir a Estrategias<\/span>\n\t\t\t\t\t<\/span>\n\t\t\t\t\t<\/a>\n\t\t\t\t<\/div>\n\t\t\t\t\t\t\t\t<\/div>\n\t\t\t\t<\/div>\n\t\t\t\t<div class=\"elementor-element elementor-element-8ad40e6 elementor-widget__width-auto elementor-widget elementor-widget-button\" data-id=\"8ad40e6\" data-element_type=\"widget\" data-e-type=\"widget\" data-widget_type=\"button.default\">\n\t\t\t\t<div class=\"elementor-widget-container\">\n\t\t\t\t\t\t\t\t\t<div class=\"elementor-button-wrapper\">\n\t\t\t\t\t<a class=\"elementor-button elementor-button-link elementor-size-sm\" href=\"https:\/\/interautonomy.org\/es\/key-ideas\/\">\n\t\t\t\t\t\t<span class=\"elementor-button-content-wrapper\">\n\t\t\t\t\t\t<span class=\"elementor-button-icon\">\n\t\t\t\t<i aria-hidden=\"true\" class=\"far fa-arrow-alt-circle-right\"><\/i>\t\t\t<\/span>\n\t\t\t\t\t\t\t\t\t<span class=\"elementor-button-text\">Ir a Ideas Clave<\/span>\n\t\t\t\t\t<\/span>\n\t\t\t\t\t<\/a>\n\t\t\t\t<\/div>\n\t\t\t\t\t\t\t\t<\/div>\n\t\t\t\t<\/div>\n\t\t\t\t\t<\/div>\n\t\t<\/div>\n\t\t\t\t\t<\/div>\n\t\t<\/section>\n\t\t\t\t<\/div>","protected":false},"excerpt":{"rendered":"<p>What is self-sustainability and why is it so important? Like yourself, millions of individuals, social enterprises, organizations and governments around the globe are coming up with initiatives or projects to improve people&#8217;s quality of life by innovating&nbsp;models that seek&nbsp;development&nbsp;&nbsp;to be more sustainable.&nbsp; What&#8217;s more sustainable? \u00a0 A more comprehensive development:\u00a0that, in addition to money, guarantees [&hellip;]<\/p>\n","protected":false},"author":1,"featured_media":0,"parent":0,"menu_order":0,"comment_status":"closed","ping_status":"closed","template":"elementor_header_footer","meta":{"footnotes":""},"class_list":["post-344","page","type-page","status-publish","hentry"],"_links":{"self":[{"href":"https:\/\/interautonomy.org\/es\/wp-json\/wp\/v2\/pages\/344","targetHints":{"allow":["GET"]}}],"collection":[{"href":"https:\/\/interautonomy.org\/es\/wp-json\/wp\/v2\/pages"}],"about":[{"href":"https:\/\/interautonomy.org\/es\/wp-json\/wp\/v2\/types\/page"}],"author":[{"embeddable":true,"href":"https:\/\/interautonomy.org\/es\/wp-json\/wp\/v2\/users\/1"}],"replies":[{"embeddable":true,"href":"https:\/\/interautonomy.org\/es\/wp-json\/wp\/v2\/comments?post=344"}],"version-history":[{"count":0,"href":"https:\/\/interautonomy.org\/es\/wp-json\/wp\/v2\/pages\/344\/revisions"}],"wp:attachment":[{"href":"https:\/\/interautonomy.org\/es\/wp-json\/wp\/v2\/media?parent=344"}],"curies":[{"name":"wp","href":"https:\/\/api.w.org\/{rel}","templated":true}]}}